{"id":330,"date":"2025-10-21T16:37:01","date_gmt":"2025-10-21T14:37:01","guid":{"rendered":"https:\/\/amm.misjonarze.pl\/?page_id=330"},"modified":"2025-12-27T15:15:20","modified_gmt":"2025-12-27T14:15:20","slug":"milosc-braterska","status":"publish","type":"page","link":"https:\/\/amm.misjonarze.pl\/?page_id=330","title":{"rendered":"Mi\u0142o\u015b\u0107 braterska"},"content":{"rendered":"\t\t<div data-elementor-type=\"wp-page\" data-elementor-id=\"330\" class=\"elementor elementor-330\">\n\t\t\t\t\t\t<section class=\"elementor-section elementor-top-section elementor-element elementor-element-3f391e93 elementor-section-stretched elementor-section-content-middle elementor-section-height-min-height elementor-section-boxed elementor-section-height-default elementor-section-items-middle\" data-id=\"3f391e93\" data-element_type=\"section\" data-e-type=\"section\" data-settings=\"{&quot;stretch_section&quot;:&quot;section-stretched&quot;,&quot;background_background&quot;:&quot;classic&quot;}\">\n\t\t\t\t\t\t\t<div class=\"elementor-background-overlay\"><\/div>\n\t\t\t\t\t\t\t<div class=\"elementor-container elementor-column-gap-default\">\n\t\t\t\t\t<div class=\"elementor-column elementor-col-100 elementor-top-column elementor-element elementor-element-4ec632c1\" data-id=\"4ec632c1\" data-element_type=\"column\" data-e-type=\"column\">\n\t\t\t<div class=\"elementor-widget-wrap elementor-element-populated\">\n\t\t\t\t\t\t<div class=\"elementor-element elementor-element-1fc7540c animated-slow elementor-invisible elementor-widget elementor-widget-heading\" data-id=\"1fc7540c\" data-element_type=\"widget\" data-e-type=\"widget\" data-settings=\"{&quot;_animation&quot;:&quot;fadeInUp&quot;}\" data-widget_type=\"heading.default\">\n\t\t\t\t<div class=\"elementor-widget-container\">\n\t\t\t\t\t<h2 class=\"elementor-heading-title elementor-size-default\">Stowarzyszenie AMM<\/h2>\t\t\t\t<\/div>\n\t\t\t\t<\/div>\n\t\t\t\t<div class=\"elementor-element elementor-element-231bff81 elementor-invisible elementor-widget elementor-widget-heading\" data-id=\"231bff81\" data-element_type=\"widget\" data-e-type=\"widget\" data-settings=\"{&quot;_animation&quot;:&quot;zoomIn&quot;}\" data-widget_type=\"heading.default\">\n\t\t\t\t<div class=\"elementor-widget-container\">\n\t\t\t\t\t<h1 class=\"elementor-heading-title elementor-size-default\">Mi\u0142o\u015b\u0107 braterska<\/h1>\t\t\t\t<\/div>\n\t\t\t\t<\/div>\n\t\t\t\t<div class=\"elementor-element elementor-element-6fdc64a elementor-widget elementor-widget-text-editor\" data-id=\"6fdc64a\" data-element_type=\"widget\" data-e-type=\"widget\" data-widget_type=\"text-editor.default\">\n\t\t\t\t<div class=\"elementor-widget-container\">\n\t\t\t\t\t\t\t\t\t<p>Trzeci\u0105 cech\u0105 rozpoznawcz\u0105 cz\u0142onk\u00f3w Apostolatu Maryjnego jest mi\u0142o\u015b\u0107 braterska oparta o przykazanie mi\u0142o\u015bci<\/p>\t\t\t\t\t\t\t\t<\/div>\n\t\t\t\t<\/div>\n\t\t\t\t<div class=\"elementor-element elementor-element-52a3bdc4 envato-kit-30-div-rotate elementor-widget-divider--view-line elementor-invisible elementor-widget elementor-widget-divider\" data-id=\"52a3bdc4\" data-element_type=\"widget\" data-e-type=\"widget\" data-settings=\"{&quot;_animation&quot;:&quot;fadeIn&quot;}\" data-widget_type=\"divider.default\">\n\t\t\t\t<div class=\"elementor-widget-container\">\n\t\t\t\t\t\t\t<div class=\"elementor-divider\">\n\t\t\t<span class=\"elementor-divider-separator\">\n\t\t\t\t\t\t<\/span>\n\t\t<\/div>\n\t\t\t\t\t\t<\/div>\n\t\t\t\t<\/div>\n\t\t\t\t\t<\/div>\n\t\t<\/div>\n\t\t\t\t\t<\/div>\n\t\t<\/section>\n\t\t<div class=\"elementor-element elementor-element-13a33d5 e-flex e-con-boxed e-con e-parent\" data-id=\"13a33d5\" data-element_type=\"container\" data-e-type=\"container\">\n\t\t\t\t\t<div class=\"e-con-inner\">\n\t\t\t\t<div class=\"elementor-element elementor-element-251b23e elementor-widget elementor-widget-text-editor\" data-id=\"251b23e\" data-element_type=\"widget\" data-e-type=\"widget\" data-widget_type=\"text-editor.default\">\n\t\t\t\t<div class=\"elementor-widget-container\">\n\t\t\t\t\t\t\t\t\t<p class=\"pAcapit\">Trzeci\u0105 cech\u0105 rozpoznawcz\u0105 cz\u0142onk\u00f3w Apostolatu Maryjnego jest mi\u0142o\u015b\u0107 braterska oparta o przykazanie mi\u0142o\u015bci:\u00a0<span class=\"Apple-style-span\">Daj\u0119 wam nowe przykazanie, aby\u015bcie si\u0119 wzajemnie mi\u0142owali; jak Ja was umi\u0142owa\u0142em, tak mi\u0142ujcie si\u0119 i wy nawzajem. Po tym poznaj\u0105 wszyscy, \u017ce jeste\u015bcie moimi uczniami, je\u017celi mi\u0142o\u015b\u0107 mie\u0107 b\u0119dziecie jedni do drugich\u00a0<\/span>(por. J 13,34). Wz\u00f3r tej mi\u0142o\u015bci odnajdujemy w \u017cyciu Chrystusa Pana. Obowi\u0105zek post\u0119powania wed\u0142ug przykazania mi\u0142o\u015bci g\u0142osili tak\u017ce aposto\u0142owie, szczeg\u00f3lnie umi\u0142owany ucze\u0144 \u2013 \u015bw. Jan.<\/p><p class=\"pAcapit\">Nauka o mi\u0142o\u015bci braterskiej jest zawarta przede wszystkim w Pierwszym Li\u015bcie \u015bw. Jana. Wed\u0142ug wskaza\u0144 Aposto\u0142a bratersk\u0105 mi\u0142o\u015b\u0107 nale\u017cy realizowa\u0107 poprzez:<\/p><ol><li>Ofiar\u0119 w\u0142asnego \u017cycia wed\u0142ug wzoru Chrystusa (J 3, 16).\u00a0<\/li><li>Udzielanie d\u00f3br materialnych (J 3, 17).\u00a0<\/li><li>\u201eNie s\u0142owem i j\u0119zykiem, ale czynem i prawd\u0105\u201d (J3, 18).\u00a0<\/li><li>Modlitw\u0119 za grzesznik\u00f3w (J5, 16).<\/li><\/ol><p class=\"pAcapit\">Ofiarowa\u0107 \u017cycie za brata \u2013 brzmi pierwszy Janowy spos\u00f3b realizacji braterskiej mi\u0142o\u015bci \u2013 to znaczy umi\u0142owa\u0107 cz\u0142owieka a\u017c do ostatecznych granic na wz\u00f3r Chrystusa.\u00a0<span class=\"Apple-style-span\">Nikt nie ma wi\u0119kszej mi\u0142o\u015bci od tej, gdy kto\u015b \u017cycie swoje daje za przyjaci\u00f3\u0142 swoich<\/span>\u00a0(J 15, 13). Oddanie \u017cycia za braci to nie tylko jednorazowe heroiczne oddanie \u017cycia. Ofiarowa\u0107 \u017cycie za braci to s\u0142u\u017cy\u0107 im i dawa\u0107 im z siebie to, co najlepsze. Oddanie \u017cycia za ludzi przez Chrystusa Pana na Kalwarii, czyli najwy\u017cszy wymiar mi\u0142o\u015bci, zobowi\u0105zuje nas do \u017cycia w s\u0142u\u017cbie i oddaniu braciom.<\/p><p class=\"pAcapit\">Wed\u0142ug norm Apostolatu Maryjnego s\u0142u\u017cebno\u015b\u0107 i oddanie przejawia si\u0119 w oddzia\u0142ywaniu na ludzi zaniedbanych, oboj\u0119tnych i zagro\u017conych religijnie, zw\u0142aszcza w niebezpiecze\u0144stwie \u015bmierci; w likwidowaniu oboj\u0119tno\u015bci, niech\u0119ci, niezgody i napi\u0119\u0107, d\u0142ugotrwa\u0142ych s\u0105siedzkich wzgl\u0119dnie rodzinnych nieporozumie\u0144 przeradzaj\u0105cych si\u0119 cz\u0119sto w nienawi\u015b\u0107; w rozpowszechnianiu Cudownego Medalika dla udost\u0119pnienia wielkich \u0142ask obiecanych przez Naj\u015bw. Maryj\u0119 Pann\u0119; w odwiedzaniu chorych (w szpitalach, w domach), os\u00f3b samotnych, opuszczonych; przez upowszechnianie czytelnictwa religijnego m. in. drog\u0105 wypo\u017cyczania ksi\u0105\u017cek, czasopism, tekst\u00f3w drukowanych i r\u00f3\u017cnych informacji o tre\u015bci religijnej itp. dzia\u0142alno\u015bci.<\/p>\t\t\t\t\t\t\t\t<\/div>\n\t\t\t\t<\/div>\n\t\t\t\t\t<\/div>\n\t\t\t\t<\/div>\n\t\t\t\t<\/div>\n\t\t\n    <div class=\"xs_social_share_widget xs_share_url after_content \t\tmain_content  wslu-style-1 wslu-share-box-shaped wslu-fill-colored wslu-none wslu-share-horizontal wslu-theme-font-no wslu-main_content\">\n\n\t\t\n        <ul>\n\t\t\t        <\/ul>\n    <\/div> \n","protected":false},"excerpt":{"rendered":"<p>Stowarzyszenie AMM Mi\u0142o\u015b\u0107 braterska Trzeci\u0105 cech\u0105 rozpoznawcz\u0105 cz\u0142onk\u00f3w Apostolatu Maryjnego jest mi\u0142o\u015b\u0107 braterska oparta o przykazanie mi\u0142o\u015bci Trzeci\u0105 cech\u0105 rozpoznawcz\u0105 cz\u0142onk\u00f3w Apostolatu Maryjnego jest mi\u0142o\u015b\u0107 braterska oparta o przykazanie mi\u0142o\u015bci:\u00a0Daj\u0119 wam nowe przykazanie, aby\u015bcie si\u0119 wzajemnie mi\u0142owali; jak Ja was umi\u0142owa\u0142em, tak mi\u0142ujcie si\u0119 i wy nawzajem. Po tym poznaj\u0105 wszyscy, \u017ce jeste\u015bcie moimi uczniami, je\u017celi mi\u0142o\u015b\u0107 mie\u0107 b\u0119dziecie jedni [&hellip;]<\/p>\n","protected":false},"author":1,"featured_media":0,"parent":0,"menu_order":0,"comment_status":"closed","ping_status":"closed","template":"","meta":{"footnotes":""},"class_list":["post-330","page","type-page","status-publish","hentry"],"_links":{"self":[{"href":"https:\/\/amm.misjonarze.pl\/index.php?rest_route=\/wp\/v2\/pages\/330","targetHints":{"allow":["GET"]}}],"collection":[{"href":"https:\/\/amm.misjonarze.pl\/index.php?rest_route=\/wp\/v2\/pages"}],"about":[{"href":"https:\/\/amm.misjonarze.pl\/index.php?rest_route=\/wp\/v2\/types\/page"}],"author":[{"embeddable":true,"href":"https:\/\/amm.misjonarze.pl\/index.php?rest_route=\/wp\/v2\/users\/1"}],"replies":[{"embeddable":true,"href":"https:\/\/amm.misjonarze.pl\/index.php?rest_route=%2Fwp%2Fv2%2Fcomments&post=330"}],"version-history":[{"count":7,"href":"https:\/\/amm.misjonarze.pl\/index.php?rest_route=\/wp\/v2\/pages\/330\/revisions"}],"predecessor-version":[{"id":675,"href":"https:\/\/amm.misjonarze.pl\/index.php?rest_route=\/wp\/v2\/pages\/330\/revisions\/675"}],"wp:attachment":[{"href":"https:\/\/amm.misjonarze.pl\/index.php?rest_route=%2Fwp%2Fv2%2Fmedia&parent=330"}],"curies":[{"name":"wp","href":"https:\/\/api.w.org\/{rel}","templated":true}]}}